{"id":411,"date":"2025-01-05T17:02:11","date_gmt":"2025-01-05T16:02:11","guid":{"rendered":"https:\/\/www.h2dglobal.com\/etudes-de-cas\/"},"modified":"2025-02-03T15:14:55","modified_gmt":"2025-02-03T14:14:55","slug":"etudes-de-cas","status":"publish","type":"page","link":"https:\/\/www.h2dglobal.com\/fr\/etudes-de-cas\/","title":{"rendered":"\u00c9tudes de cas"},"content":{"rendered":"<p>[et_pb_section fb_built=\u00a0\u00bb1&Prime; _builder_version=\u00a0\u00bb4.27.4&Prime; _module_preset=\u00a0\u00bbdefault\u00a0\u00bb locked=\u00a0\u00bboff\u00a0\u00bb global_colors_info=\u00a0\u00bb{}\u00a0\u00bb][et_pb_row _builder_version=\u00a0\u00bb4.27.4&Prime; _module_preset=\u00a0\u00bbdefault\u00a0\u00bb use_background_color_gradient=\u00a0\u00bbon\u00a0\u00bb background_color_gradient_stops=\u00a0\u00bbrgba(0,18,30,0.69) 1%|rgba(0,18,30,0.83) 100%\u00a0\u00bb background_color_gradient_overlays_image=\u00a0\u00bbon\u00a0\u00bb background_image=\u00a0\u00bbhttps:\/\/www.h2dglobal.com\/wp-content\/uploads\/2025\/01\/h2d-global-case-studies.webp\u00a0\u00bb custom_padding=\u00a0\u00bb38px|13px|38px|13px|true|true\u00a0\u00bb border_radii=\u00a0\u00bbon|20px|20px|20px|20px\u00a0\u00bb global_colors_info=\u00a0\u00bb{}\u00a0\u00bb][et_pb_column type=\u00a0\u00bb4_4&Prime; _builder_version=\u00a0\u00bb4.27.4&Prime; _module_preset=\u00a0\u00bbdefault\u00a0\u00bb global_colors_info=\u00a0\u00bb{}\u00a0\u00bb][et_pb_heading title=\u00a0\u00bb\u00c9tudes de cas\u00a0\u00bb _builder_version=\u00a0\u00bb4.27.4&Prime; _module_preset=\u00a0\u00bbdefault\u00a0\u00bb title_text_align=\u00a0\u00bbcenter\u00a0\u00bb title_text_color=\u00a0\u00bb#FFFFFF\u00a0\u00bb title_font_size=\u00a0\u00bb48px\u00a0\u00bb title_font_size_last_edited=\u00a0\u00bboff|desktop\u00a0\u00bb global_colors_info=\u00a0\u00bb{}\u00a0\u00bb][\/et_pb_heading][et_pb_text _builder_version=\u00a0\u00bb4.27.4&Prime; _module_preset=\u00a0\u00bbdefault\u00a0\u00bb text_text_color=\u00a0\u00bb#FFFFFF\u00a0\u00bb text_orientation=\u00a0\u00bbcenter\u00a0\u00bb hover_enabled=\u00a0\u00bb0&Prime; global_colors_info=\u00a0\u00bb{}\u00a0\u00bb sticky_enabled=\u00a0\u00bb0&Prime;]<\/p>\n<p>Chez H2D, nous pensons que la meilleure fa\u00e7on de mettre en valeur notre expertise est la r\u00e9ussite de nos clients. Nos \u00e9tudes de cas mettent en lumi\u00e8re des projets concrets dans le cadre desquels nous avons aid\u00e9 des entreprises \u00e0 relever des d\u00e9fis, \u00e0 mettre en \u0153uvre des strat\u00e9gies durables et \u00e0 obtenir des r\u00e9sultats mesurables.<\/p>\n<p>[\/et_pb_text][\/et_pb_column][\/et_pb_row][et_pb_row _builder_version=\u00a0\u00bb4.27.4&Prime; _module_preset=\u00a0\u00bbdefault\u00a0\u00bb custom_padding=\u00a0\u00bb10px|0px|10px|0px|true|true\u00a0\u00bb global_colors_info=\u00a0\u00bb{}\u00a0\u00bb][et_pb_column type=\u00a0\u00bb4_4&Prime; _builder_version=\u00a0\u00bb4.27.4&Prime; _module_preset=\u00a0\u00bbdefault\u00a0\u00bb custom_padding=\u00a0\u00bb44px||||false|false\u00a0\u00bb global_colors_info=\u00a0\u00bb{}\u00a0\u00bb][et_pb_blog fullwidth=\u00a0\u00bboff\u00a0\u00bb post_type=\u00a0\u00bbproject\u00a0\u00bb posts_number=\u00a0\u00bb12&Prime; show_author=\u00a0\u00bboff\u00a0\u00bb show_categories=\u00a0\u00bboff\u00a0\u00bb show_pagination=\u00a0\u00bboff\u00a0\u00bb module_class=\u00a0\u00bbpa-blog-load-more\u00a0\u00bb _builder_version=\u00a0\u00bb4.27.4&Prime; _module_preset=\u00a0\u00bbdefault\u00a0\u00bb header_level=\u00a0\u00bbh3&Prime; header_font_size=\u00a0\u00bb21px\u00a0\u00bb body_text_color=\u00a0\u00bbgcid-primary-color\u00a0\u00bb meta_font=\u00a0\u00bb||||||||\u00a0\u00bb meta_text_color=\u00a0\u00bbgcid-secondary-color\u00a0\u00bb border_radii=\u00a0\u00bbon|15px|15px|15px|15px\u00a0\u00bb global_colors_info=\u00a0\u00bb{%22gcid-secondary-color%22:%91%22meta_text_color%22%93,%22gcid-primary-color%22:%91%22body_text_color%22%93}\u00a0\u00bb][\/et_pb_blog][et_pb_code _builder_version=\u00a0\u00bb4.27.4&Prime; _module_preset=\u00a0\u00bbdefault\u00a0\u00bb global_colors_info=\u00a0\u00bb{}\u00a0\u00bb]<script><!-- [et_pb_line_break_holder] -->jQuery(document).ready(function(){<!-- [et_pb_line_break_holder] -->    \/\/For mobile Screens<!-- [et_pb_line_break_holder] -->    if (window.matchMedia('(max-width: 767px)').matches) {<!-- [et_pb_line_break_holder] -->        var initial_show_article = 3;<!-- [et_pb_line_break_holder] -->    var article_reveal = 2;<!-- [et_pb_line_break_holder] -->    jQuery(\".pa-blog-load-more article\").not( \":nth-child(-n+\"+initial_show_article+\")\" ).css(\"display\",\"none\");<!-- [et_pb_line_break_holder] -->    jQuery(\"#pa_load_more\").on(\"click\", function(event){<!-- [et_pb_line_break_holder] -->        event.preventDefault();<!-- [et_pb_line_break_holder] -->        initial_show_article = initial_show_article + article_reveal;<!-- [et_pb_line_break_holder] -->        jQuery(\".pa-blog-load-more article\").css(\"display\",\"block\");<!-- [et_pb_line_break_holder] -->        jQuery(\".pa-blog-load-more article\").not( \":nth-child(-n+\"+initial_show_article+\")\" ).css(\"display\",\"none\");<!-- [et_pb_line_break_holder] -->        var articles_num = jQuery(\".pa-blog-load-more article\").not('[style*=\"display: block\"]').length<!-- [et_pb_line_break_holder] -->            if(articles_num == 0){<!-- [et_pb_line_break_holder] -->            jQuery(this).css(\"display\",\"none\");    <!-- [et_pb_line_break_holder] -->            }   <!-- [et_pb_line_break_holder] -->    })<!-- [et_pb_line_break_holder] -->    } else {<!-- [et_pb_line_break_holder] -->        \/\/For desktop Screens<!-- [et_pb_line_break_holder] -->        var initial_row_show = 1;<!-- [et_pb_line_break_holder] -->        var row_reveal = 2;<!-- [et_pb_line_break_holder] -->        var total_articles = jQuery(\".pa-blog-load-more article\").length;<!-- [et_pb_line_break_holder] -->        jQuery(\".pa-blog-load-more article\").not( \":nth-child(-n+\"+initial_row_show+\")\" ).css(\"display\",\"none\");<!-- [et_pb_line_break_holder] -->        <!-- [et_pb_line_break_holder] -->        jQuery(\"#pa_load_more\").on(\"click\", function(event){<!-- [et_pb_line_break_holder] -->            event.preventDefault();<!-- [et_pb_line_break_holder] -->            initial_row_show = initial_row_show + row_reveal;<!-- [et_pb_line_break_holder] -->            jQuery(\".pa-blog-load-more article\").css(\"display\",\"block\");<!-- [et_pb_line_break_holder] -->            jQuery(\".pa-blog-load-more article\").not( \":nth-child(-n+\"+initial_row_show+\")\" ).css(\"display\",\"none\");<!-- [et_pb_line_break_holder] -->            var articles_num = jQuery(\".pa-blog-load-more article\").not('[style*=\"display: block\"]').length<!-- [et_pb_line_break_holder] -->            if(articles_num == 0){<!-- [et_pb_line_break_holder] -->            jQuery(this).css(\"display\",\"none\");    <!-- [et_pb_line_break_holder] -->            }    <!-- [et_pb_line_break_holder] -->        })<!-- [et_pb_line_break_holder] -->    } <!-- [et_pb_line_break_holder] -->})<!-- [et_pb_line_break_holder] --><\/script>[\/et_pb_code][et_pb_button button_text=\u00a0\u00bbEn savoir plus\u00a0\u00bb button_alignment=\u00a0\u00bbcenter\u00a0\u00bb module_id=\u00a0\u00bbpa_load_more\u00a0\u00bb _builder_version=\u00a0\u00bb4.27.4&Prime; _module_preset=\u00a0\u00bbdefault\u00a0\u00bb global_colors_info=\u00a0\u00bb{}\u00a0\u00bb][\/et_pb_button][\/et_pb_column][\/et_pb_row][\/et_pb_section]<\/p>\n","protected":false},"excerpt":{"rendered":"<p>Chez H2D, nous pensons que la meilleure fa\u00e7on de mettre en valeur notre expertise est la r\u00e9ussite de nos clients. Nos \u00e9tudes de cas mettent en lumi\u00e8re des projets concrets dans le cadre desquels nous avons aid\u00e9 des entreprises \u00e0 relever des d\u00e9fis, \u00e0 mettre en \u0153uvre des strat\u00e9gies durables et \u00e0 obtenir des r\u00e9sultats mesurables.<\/p>\n","protected":false},"author":1,"featured_media":0,"parent":0,"menu_order":0,"comment_status":"closed","ping_status":"closed","template":"","meta":{"_et_pb_use_builder":"on","_et_pb_old_content":"","_et_gb_content_width":"","footnotes":""},"class_list":["post-411","page","type-page","status-publish","hentry"],"yoast_head":"<!-- This site is optimized with the Yoast SEO plugin v27.5 - https:\/\/yoast.com\/product\/yoast-seo-wordpress\/ -->\n<title>\u00c9tudes de cas - H2D<\/title>\n<meta name=\"description\" content=\"Explorez les \u00e9tudes de cas de H2D qui pr\u00e9sentent des strat\u00e9gies de d\u00e9veloppement durable r\u00e9ussies et des solutions innovantes dans le domaine de la chimie appliqu\u00e9e.\" \/>\n<meta name=\"robots\" content=\"index, follow, max-snippet:-1, max-image-preview:large, max-video-preview:-1\" \/>\n<link rel=\"canonical\" href=\"https:\/\/www.h2dglobal.com\/fr\/etudes-de-cas\/\" \/>\n<meta property=\"og:locale\" content=\"fr_FR\" \/>\n<meta property=\"og:type\" content=\"article\" \/>\n<meta property=\"og:title\" content=\"\u00c9tudes de cas - H2D\" \/>\n<meta property=\"og:description\" content=\"Explorez les \u00e9tudes de cas de H2D qui pr\u00e9sentent des strat\u00e9gies de d\u00e9veloppement durable r\u00e9ussies et des solutions innovantes dans le domaine de la chimie appliqu\u00e9e.\" \/>\n<meta property=\"og:url\" content=\"https:\/\/www.h2dglobal.com\/fr\/etudes-de-cas\/\" \/>\n<meta property=\"og:site_name\" content=\"H2D\" \/>\n<meta property=\"article:modified_time\" content=\"2025-02-03T14:14:55+00:00\" \/>\n<meta name=\"twitter:card\" content=\"summary_large_image\" \/>\n<meta name=\"twitter:label1\" content=\"Dur\u00e9e de lecture estim\u00e9e\" \/>\n\t<meta name=\"twitter:data1\" content=\"2 minutes\" \/>\n<script type=\"application\/ld+json\" class=\"yoast-schema-graph\">{\"@context\":\"https:\\\/\\\/schema.org\",\"@graph\":[{\"@type\":\"WebPage\",\"@id\":\"https:\\\/\\\/www.h2dglobal.com\\\/fr\\\/etudes-de-cas\\\/\",\"url\":\"https:\\\/\\\/www.h2dglobal.com\\\/fr\\\/etudes-de-cas\\\/\",\"name\":\"\u00c9tudes de cas - H2D\",\"isPartOf\":{\"@id\":\"https:\\\/\\\/www.h2dglobal.com\\\/fr\\\/#website\"},\"datePublished\":\"2025-01-05T16:02:11+00:00\",\"dateModified\":\"2025-02-03T14:14:55+00:00\",\"description\":\"Explorez les \u00e9tudes de cas de H2D qui pr\u00e9sentent des strat\u00e9gies de d\u00e9veloppement durable r\u00e9ussies et des solutions innovantes dans le domaine de la chimie appliqu\u00e9e.\",\"breadcrumb\":{\"@id\":\"https:\\\/\\\/www.h2dglobal.com\\\/fr\\\/etudes-de-cas\\\/#breadcrumb\"},\"inLanguage\":\"fr-FR\",\"potentialAction\":[{\"@type\":\"ReadAction\",\"target\":[\"https:\\\/\\\/www.h2dglobal.com\\\/fr\\\/etudes-de-cas\\\/\"]}]},{\"@type\":\"BreadcrumbList\",\"@id\":\"https:\\\/\\\/www.h2dglobal.com\\\/fr\\\/etudes-de-cas\\\/#breadcrumb\",\"itemListElement\":[{\"@type\":\"ListItem\",\"position\":1,\"name\":\"Home\",\"item\":\"https:\\\/\\\/www.h2dglobal.com\\\/fr\\\/\"},{\"@type\":\"ListItem\",\"position\":2,\"name\":\"\u00c9tudes de cas\"}]},{\"@type\":\"WebSite\",\"@id\":\"https:\\\/\\\/www.h2dglobal.com\\\/fr\\\/#website\",\"url\":\"https:\\\/\\\/www.h2dglobal.com\\\/fr\\\/\",\"name\":\"H2D\",\"description\":\"Sustainable Solutions for Applied Chemistry and Strategic Advisory.\",\"publisher\":{\"@id\":\"https:\\\/\\\/www.h2dglobal.com\\\/fr\\\/#organization\"},\"potentialAction\":[{\"@type\":\"SearchAction\",\"target\":{\"@type\":\"EntryPoint\",\"urlTemplate\":\"https:\\\/\\\/www.h2dglobal.com\\\/fr\\\/?s={search_term_string}\"},\"query-input\":{\"@type\":\"PropertyValueSpecification\",\"valueRequired\":true,\"valueName\":\"search_term_string\"}}],\"inLanguage\":\"fr-FR\"},{\"@type\":\"Organization\",\"@id\":\"https:\\\/\\\/www.h2dglobal.com\\\/fr\\\/#organization\",\"name\":\"H2D\",\"url\":\"https:\\\/\\\/www.h2dglobal.com\\\/fr\\\/\",\"logo\":{\"@type\":\"ImageObject\",\"inLanguage\":\"fr-FR\",\"@id\":\"https:\\\/\\\/www.h2dglobal.com\\\/fr\\\/#\\\/schema\\\/logo\\\/image\\\/\",\"url\":\"https:\\\/\\\/www.h2dglobal.com\\\/wp-content\\\/uploads\\\/2025\\\/01\\\/cropped-favicon-h2d-global.png\",\"contentUrl\":\"https:\\\/\\\/www.h2dglobal.com\\\/wp-content\\\/uploads\\\/2025\\\/01\\\/cropped-favicon-h2d-global.png\",\"width\":512,\"height\":512,\"caption\":\"H2D\"},\"image\":{\"@id\":\"https:\\\/\\\/www.h2dglobal.com\\\/fr\\\/#\\\/schema\\\/logo\\\/image\\\/\"}}]}<\/script>\n<!-- \/ Yoast SEO plugin. -->","yoast_head_json":{"title":"\u00c9tudes de cas - H2D","description":"Explorez les \u00e9tudes de cas de H2D qui pr\u00e9sentent des strat\u00e9gies de d\u00e9veloppement durable r\u00e9ussies et des solutions innovantes dans le domaine de la chimie appliqu\u00e9e.","robots":{"index":"index","follow":"follow","max-snippet":"max-snippet:-1","max-image-preview":"max-image-preview:large","max-video-preview":"max-video-preview:-1"},"canonical":"https:\/\/www.h2dglobal.com\/fr\/etudes-de-cas\/","og_locale":"fr_FR","og_type":"article","og_title":"\u00c9tudes de cas - H2D","og_description":"Explorez les \u00e9tudes de cas de H2D qui pr\u00e9sentent des strat\u00e9gies de d\u00e9veloppement durable r\u00e9ussies et des solutions innovantes dans le domaine de la chimie appliqu\u00e9e.","og_url":"https:\/\/www.h2dglobal.com\/fr\/etudes-de-cas\/","og_site_name":"H2D","article_modified_time":"2025-02-03T14:14:55+00:00","twitter_card":"summary_large_image","twitter_misc":{"Dur\u00e9e de lecture estim\u00e9e":"2 minutes"},"schema":{"@context":"https:\/\/schema.org","@graph":[{"@type":"WebPage","@id":"https:\/\/www.h2dglobal.com\/fr\/etudes-de-cas\/","url":"https:\/\/www.h2dglobal.com\/fr\/etudes-de-cas\/","name":"\u00c9tudes de cas - H2D","isPartOf":{"@id":"https:\/\/www.h2dglobal.com\/fr\/#website"},"datePublished":"2025-01-05T16:02:11+00:00","dateModified":"2025-02-03T14:14:55+00:00","description":"Explorez les \u00e9tudes de cas de H2D qui pr\u00e9sentent des strat\u00e9gies de d\u00e9veloppement durable r\u00e9ussies et des solutions innovantes dans le domaine de la chimie appliqu\u00e9e.","breadcrumb":{"@id":"https:\/\/www.h2dglobal.com\/fr\/etudes-de-cas\/#breadcrumb"},"inLanguage":"fr-FR","potentialAction":[{"@type":"ReadAction","target":["https:\/\/www.h2dglobal.com\/fr\/etudes-de-cas\/"]}]},{"@type":"BreadcrumbList","@id":"https:\/\/www.h2dglobal.com\/fr\/etudes-de-cas\/#breadcrumb","itemListElement":[{"@type":"ListItem","position":1,"name":"Home","item":"https:\/\/www.h2dglobal.com\/fr\/"},{"@type":"ListItem","position":2,"name":"\u00c9tudes de cas"}]},{"@type":"WebSite","@id":"https:\/\/www.h2dglobal.com\/fr\/#website","url":"https:\/\/www.h2dglobal.com\/fr\/","name":"H2D","description":"Sustainable Solutions for Applied Chemistry and Strategic Advisory.","publisher":{"@id":"https:\/\/www.h2dglobal.com\/fr\/#organization"},"potentialAction":[{"@type":"SearchAction","target":{"@type":"EntryPoint","urlTemplate":"https:\/\/www.h2dglobal.com\/fr\/?s={search_term_string}"},"query-input":{"@type":"PropertyValueSpecification","valueRequired":true,"valueName":"search_term_string"}}],"inLanguage":"fr-FR"},{"@type":"Organization","@id":"https:\/\/www.h2dglobal.com\/fr\/#organization","name":"H2D","url":"https:\/\/www.h2dglobal.com\/fr\/","logo":{"@type":"ImageObject","inLanguage":"fr-FR","@id":"https:\/\/www.h2dglobal.com\/fr\/#\/schema\/logo\/image\/","url":"https:\/\/www.h2dglobal.com\/wp-content\/uploads\/2025\/01\/cropped-favicon-h2d-global.png","contentUrl":"https:\/\/www.h2dglobal.com\/wp-content\/uploads\/2025\/01\/cropped-favicon-h2d-global.png","width":512,"height":512,"caption":"H2D"},"image":{"@id":"https:\/\/www.h2dglobal.com\/fr\/#\/schema\/logo\/image\/"}}]}},"_links":{"self":[{"href":"https:\/\/www.h2dglobal.com\/fr\/wp-json\/wp\/v2\/pages\/411","targetHints":{"allow":["GET"]}}],"collection":[{"href":"https:\/\/www.h2dglobal.com\/fr\/wp-json\/wp\/v2\/pages"}],"about":[{"href":"https:\/\/www.h2dglobal.com\/fr\/wp-json\/wp\/v2\/types\/page"}],"author":[{"embeddable":true,"href":"https:\/\/www.h2dglobal.com\/fr\/wp-json\/wp\/v2\/users\/1"}],"replies":[{"embeddable":true,"href":"https:\/\/www.h2dglobal.com\/fr\/wp-json\/wp\/v2\/comments?post=411"}],"version-history":[{"count":14,"href":"https:\/\/www.h2dglobal.com\/fr\/wp-json\/wp\/v2\/pages\/411\/revisions"}],"predecessor-version":[{"id":551,"href":"https:\/\/www.h2dglobal.com\/fr\/wp-json\/wp\/v2\/pages\/411\/revisions\/551"}],"wp:attachment":[{"href":"https:\/\/www.h2dglobal.com\/fr\/wp-json\/wp\/v2\/media?parent=411"}],"curies":[{"name":"wp","href":"https:\/\/api.w.org\/{rel}","templated":true}]}}